{"id":1464,"date":"2025-10-21T13:10:36","date_gmt":"2025-10-21T13:10:36","guid":{"rendered":"https:\/\/evolu-bianca-and-co.com\/?page_id=1464"},"modified":"2025-12-20T20:29:47","modified_gmt":"2025-12-20T20:29:47","slug":"lhistoire-de-mes-peintures","status":"publish","type":"page","link":"https:\/\/evolu-bianca-and-co.com\/?page_id=1464","title":{"rendered":"L\u2019histoire de mes peintures"},"content":{"rendered":"\n<p class=\"has-foreground-color has-text-color has-link-color has-medium-font-size wp-elements-bc9e94a2213abba5280a8dd1ef5ab60c\">Depuis toujours, je veux croire que le monde est rempli de paillettes et de magie. Et quoi de mieux que de plonger dans la cr\u00e9ativit\u00e9 pour faire exister cette magie ? Danse, th\u00e9\u00e2tre, peinture, dessin, bricolage, histoires\u2026 Depuis petite, la cr\u00e9ation fait partie int\u00e9grante de moi \u2014 parfois source de joie, parfois refuge ou soutien, selon les moments de vie. C\u2019\u00e9tait, sans que je le sache vraiment, ma mani\u00e8re de d\u00e9couvrir mon monde int\u00e9rieur.<br>Mais j\u2019\u00e9tais tellement soucieuse du&nbsp;<em>beau<\/em>&nbsp;: est-ce que les autres trouveraient cela beau ? Terrible question\u2026 qui, je ne le savais pas encore, me bridait compl\u00e8tement dans l\u2019expression de ce que j\u2019avais au fond de moi.<\/p>\n\n\n\n<p class=\"has-foreground-color has-text-color has-link-color has-medium-font-size wp-elements-8c48142cf37c2acacad19792f977e87d\">C\u2019est en Loz\u00e8re, lors d\u2019ateliers th\u00e9rapeutiques m\u00ealant danse et peinture, qu\u2019un d\u00e9clic a eu lieu : le beau n\u2019avait plus d\u2019importance \u2014 ce que je cherchais, c\u2019\u00e9tait le&nbsp;<em>vrai<\/em>. Et j\u2019ai d\u00e9couvert \u00e0 quel point le vrai \u00e9tait infiniment  beau. C\u2019est l\u00e0 qu\u2019est n\u00e9e toute la subtilit\u00e9 qui accompagne aujourd\u2019hui le d\u00e9ploiement de mon art.<br>Je me souviens encore de cette peinture o\u00f9, sous mes pastels gras, une baleine est apparue\u2026 et de l\u2019\u00e9motion immense que j\u2019ai ressentie en la regardant. Je me suis alors demand\u00e9 :&nbsp;<em>comment mon monde int\u00e9rieur peut-il \u00eatre si beau ?<\/em><br>En plus du sentiment de d\u00e9livrance que je ressens vis-\u00e0-vis du regard des autres, cette rencontre avec la baleine a marqu\u00e9 le d\u00e9but d\u2019une transformation profonde. Elle est devenue un symbole, une pr\u00e9sence. Ce n\u2019\u00e9tait plus seulement l\u2019animal qui me fascinait enfant, mais une \u00e9nergie qui venait mettre de la conscience l\u00e0 o\u00f9 il n\u2019y en avait pas encore. <\/p>\n\n\n\n<p class=\"has-foreground-color has-text-color has-link-color has-medium-font-size wp-elements-3da9ca508eff80ef100813453f59944a\">J\u2019ai alors d\u00e9couvert le vrai plaisir de cr\u00e9er sans me soucier du r\u00e9sultat. La peinture est devenue un soutien pr\u00e9cieux. Et en 2022, tout cela a pris un sens nouveau : peindre est devenu un besoin vital. Quand la souffrance est trop lourde, il faut parfois trouver un moyen de l\u2019all\u00e9ger.<br>La peinture est devenue mon refuge, une porte de sortie, un moyen d\u2019exprimer toutes ces \u00e9motions bloqu\u00e9es \u00e0 l\u2019int\u00e9rieur de moi. Les toiles \u00e0 l\u2019encre de Chine se sont alors succ\u00e9d\u00e9es, chacune comme une empreinte, un t\u00e9moin visible de ce que je n\u2019arrivais pas encore \u00e0 \u00e9couter, d\u00e9finir ou comprendre.<\/p>\n\n\n\n<p class=\"has-foreground-color has-text-color has-link-color has-medium-font-size wp-elements-58c246aa41e6dfcb3078870240972606\">Mes peintures ont \u00e9volu\u00e9, exprimant toujours plus en profondeur ce qui se cachait en moi. Le pinceau est devenu un pont entre ce que je vivais sur Terre et ce&nbsp;<em>je-ne-sais-quoi<\/em>&nbsp;venu d\u2019ailleurs \u2014 ces polarit\u00e9s que je cherche sans cesse \u00e0 concilier. Comment trouver l\u2019\u00e9quilibre entre la vie terrestre et cette force subtile venue d\u2019ailleurs ? Chaque toile semblait d\u00e9poser un indice, un message, un rappel\u2026 mais de quoi exactement ? Je ne le savais pas encore.<\/p>\n\n\n\n<p class=\"has-foreground-color has-text-color has-link-color has-medium-font-size wp-elements-af594d070d62f72e566e2459a940d45a\">Il a fallu ma rencontre avec le Sahara, lors d\u2019un trek, pour que certaines r\u00e9ponses \u00e9mergent. Au-del\u00e0 des enseignements personnels, cette exp\u00e9rience m\u2019a ouverte \u00e0 une r\u00e9alit\u00e9 multidimensionnelle de mon \u00eatre.<br>Concr\u00e8tement ? \u00c0 mon retour du d\u00e9sert, alors que j\u2019\u00e9crivais, mon crayon s\u2019est mis \u00e0 tracer, tout seul, des symboles. Je vous jure, je n\u2019ai pas r\u00e9fl\u00e9chi longtemps : j\u2019ai jet\u00e9 mon crayon ! Gros beug dans ma t\u00eate.<\/p>\n\n\n\n<p class=\"has-foreground-color has-text-color has-link-color has-medium-font-size wp-elements-a44b1d3a1f62e6ff25d6985ec88dade5\">Pour moi, nous ne sommes pas seulement des \u00e2mes venues s\u2019incarner sur Terre : nous sommes des fragments d\u2019Univers, des \u00e9clats d\u2019\u00e9toiles venus exp\u00e9rimenter la mati\u00e8re. Au c\u0153ur de chacun r\u00e9side une&nbsp;<em>essence stellaire<\/em> qui murmure la m\u00e9moire de nos origines.<br>Je pense que c\u2019est elle qui fait vibrer notre boussole int\u00e9rieure \u2014 celle qui nous dit :&nbsp;<em>\u00e7a, tu aimes ; \u00e7a, \u00e7a te fait vibrer ; vas-y, c\u2019est la bonne direction.<\/em><\/p>\n\n\n\n<p class=\"has-foreground-color has-text-color has-link-color has-medium-font-size wp-elements-d0169d180f3927070c364eef3600efc7\">C\u2019est ainsi que je per\u00e7ois mes mouvements int\u00e9rieurs, guid\u00e9s par cette part stellaire. Mais l\u2019\u00e9couter sur Terre n\u2019est pas toujours facile : c\u2019est une v\u00e9ritable qu\u00eate pour moi, celle de l\u2019\u00e9quilibre entre le tangible et l\u2019\u00e9th\u00e9r\u00e9, entre la Terre et les \u00e9toiles. Et c\u2019est de cette qu\u00eate qu\u2019est n\u00e9e la dimension vibratoire de mes peintures.<\/p>\n\n\n\n<p class=\"has-foreground-color has-text-color has-link-color has-medium-font-size wp-elements-0a53e035e42dac6324054c4a94dbf6e6\">Au-del\u00e0 des couleurs et des formes, chaque toile devient un&nbsp;pont entre les mondes, un espace o\u00f9 s\u2019exprime un&nbsp;langage que je canalise depuis ma part stellaire. Il s\u2019agit d\u2019une&nbsp;onde vibratoire&nbsp;destin\u00e9e \u00e0 \u00e9veiller quelque chose en celui ou celle qui la contemple.<\/p>\n\n\n\n<hr class=\"wp-block-separator has-alpha-channel-opacity\"\/>\n\n\n\n<div class=\"wp-block-columns is-layout-flex wp-container-core-columns-is-layout-28f84493 wp-block-columns-is-layout-flex\">\n<div class=\"wp-block-column is-layout-flow wp-block-column-is-layout-flow\">\n<div class=\"wp-block-buttons is-layout-flex wp-block-buttons-is-layout-flex\"><div class=\"wp-block-button has-custom-width wp-block-button__width-100 plover-entrance-animated plover-invisible\" data-entrance-animation=\"fadeInUp\"><a class=\"wp-block-button__link has-secondary-background-color has-background has-medium-font-size has-custom-font-size wp-element-button\" href=\"https:\/\/evolu-bianca-and-co.com\/?page_id=170\">Retour &#8211; Peinture<\/a><\/div>\n<\/div>\n<\/div>\n\n\n\n<div class=\"wp-block-column is-layout-flow wp-block-column-is-layout-flow\">\n<div class=\"wp-block-buttons is-layout-flex wp-block-buttons-is-layout-flex\"><div class=\"wp-block-button has-custom-width wp-block-button__width-100 plover-entrance-animated plover-invisible\" data-entrance-animation=\"fadeInUp\"><a class=\"wp-block-button__link has-secondary-background-color has-background has-medium-font-size has-custom-font-size wp-element-button\" href=\"https:\/\/evolu-bianca-and-co.com\/?page_id=1466\">Formulaire de r&eacute;servation<\/a><\/div>\n<\/div>\n<\/div>\n\n\n\n<div class=\"wp-block-column is-layout-flow wp-block-column-is-layout-flow\">\n<div class=\"wp-block-buttons is-layout-flex wp-block-buttons-is-layout-flex\"><div class=\"wp-block-button has-custom-width wp-block-button__width-100 plover-entrance-animated plover-invisible\" data-entrance-animation=\"fadeInUp\"><a class=\"wp-block-button__link has-secondary-background-color has-background has-medium-font-size has-custom-font-size wp-element-button\" href=\"https:\/\/evolu-bianca-and-co.com\/?page_id=821\">Mon &eacute;volution artistique<\/a><\/div>\n<\/div>\n<\/div>\n<\/div>\n\n\n\n<p><\/p>\n","protected":false},"excerpt":{"rendered":"<p>Depuis toujours, je veux croire que le monde est rempli de paillettes et de magie. Et quoi de mieux que de plonger dans la cr\u00e9ativit\u00e9 pour faire exister cette magie ? Danse, th\u00e9\u00e2tre, peinture, dessin, bricolage, histoires\u2026 Depuis petite, la cr\u00e9ation fait partie int\u00e9grante de moi \u2014 parfois source de joie, parfois refuge ou soutien, &hellip; <\/p>\n<p class=\"link-more\"><a href=\"https:\/\/evolu-bianca-and-co.com\/?page_id=1464\" class=\"more-link\">Lire la suite de<span class=\"screen-reader-text\">\u00ab\u00a0L\u2019histoire de mes peintures\u00a0\u00bb<\/span><\/a><\/p>\n","protected":false},"author":1,"featured_media":1453,"parent":0,"menu_order":0,"comment_status":"closed","ping_status":"closed","template":"","meta":{"footnotes":""},"class_list":["post-1464","page","type-page","status-publish","has-post-thumbnail","hentry"],"_links":{"self":[{"href":"https:\/\/evolu-bianca-and-co.com\/index.php?rest_route=\/wp\/v2\/pages\/1464","targetHints":{"allow":["GET"]}}],"collection":[{"href":"https:\/\/evolu-bianca-and-co.com\/index.php?rest_route=\/wp\/v2\/pages"}],"about":[{"href":"https:\/\/evolu-bianca-and-co.com\/index.php?rest_route=\/wp\/v2\/types\/page"}],"author":[{"embeddable":true,"href":"https:\/\/evolu-bianca-and-co.com\/index.php?rest_route=\/wp\/v2\/users\/1"}],"replies":[{"embeddable":true,"href":"https:\/\/evolu-bianca-and-co.com\/index.php?rest_route=%2Fwp%2Fv2%2Fcomments&post=1464"}],"version-history":[{"count":18,"href":"https:\/\/evolu-bianca-and-co.com\/index.php?rest_route=\/wp\/v2\/pages\/1464\/revisions"}],"predecessor-version":[{"id":2222,"href":"https:\/\/evolu-bianca-and-co.com\/index.php?rest_route=\/wp\/v2\/pages\/1464\/revisions\/2222"}],"wp:featuredmedia":[{"embeddable":true,"href":"https:\/\/evolu-bianca-and-co.com\/index.php?rest_route=\/wp\/v2\/media\/1453"}],"wp:attachment":[{"href":"https:\/\/evolu-bianca-and-co.com\/index.php?rest_route=%2Fwp%2Fv2%2Fmedia&parent=1464"}],"curies":[{"name":"wp","href":"https:\/\/api.w.org\/{rel}","templated":true}]}}