{"id":1466,"date":"2025-10-21T13:11:03","date_gmt":"2025-10-21T13:11:03","guid":{"rendered":"https:\/\/evolu-bianca-and-co.com\/?page_id=1466"},"modified":"2025-10-23T21:04:27","modified_gmt":"2025-10-23T21:04:27","slug":"formulaire-de-reservation","status":"publish","type":"page","link":"https:\/\/evolu-bianca-and-co.com\/?page_id=1466","title":{"rendered":"Formulaire de r\u00e9servation"},"content":{"rendered":"<style id=\"wpforms-css-vars-1109-block-f5eb79dd-86b6-422f-b0c7-6bcf7be018bd\">\n\t\t\t\t#wpforms-1109.wpforms-block-f5eb79dd-86b6-422f-b0c7-6bcf7be018bd {\n\t\t\t\t--wpforms-field-size-input-height: 43px;\n--wpforms-field-size-input-spacing: 15px;\n--wpforms-field-size-font-size: 16px;\n--wpforms-field-size-line-height: 19px;\n--wpforms-field-size-padding-h: 14px;\n--wpforms-field-size-checkbox-size: 16px;\n--wpforms-field-size-sublabel-spacing: 5px;\n--wpforms-field-size-icon-size: 1;\n--wpforms-label-size-font-size: 16px;\n--wpforms-label-size-line-height: 19px;\n--wpforms-label-size-sublabel-font-size: 14px;\n--wpforms-label-size-sublabel-line-height: 17px;\n--wpforms-button-size-font-size: 17px;\n--wpforms-button-size-height: 41px;\n--wpforms-button-size-padding-h: 15px;\n--wpforms-button-size-margin-top: 10px;\n\t\t\t}\n\t\t\t<\/style><div class=\"wpforms-container wpforms-container-full wpforms-block wpforms-block-f5eb79dd-86b6-422f-b0c7-6bcf7be018bd wpforms-render-modern\" id=\"wpforms-1109\"><form id=\"wpforms-form-1109\" class=\"wpforms-validate wpforms-form wpforms-ajax-form\" data-formid=\"1109\" method=\"post\" enctype=\"multipart\/form-data\" action=\"\/index.php?rest_route=%2Fwp%2Fv2%2Fpages%2F1466\" data-token=\"3793f30b916423b6abf55ea6c5453b0f\" data-token-time=\"1776692870\"><noscript class=\"wpforms-error-noscript\">Veuillez activer JavaScript dans votre navigateur pour remplir ce formulaire.<\/noscript><div id=\"wpforms-error-noscript\" style=\"display: none;\">Veuillez activer JavaScript dans votre navigateur pour remplir ce formulaire.<\/div><div class=\"wpforms-field-container\"><div id=\"wpforms-1109-field_5-container\" class=\"wpforms-field wpforms-field-name\" data-field-id=\"5\"><fieldset><legend class=\"wpforms-field-label\">Nom <span class=\"wpforms-required-label\" aria-hidden=\"true\">*<\/span><\/legend><div class=\"wpforms-field-row wpforms-field-medium\"><div class=\"wpforms-field-row-block wpforms-first wpforms-one-half\"><input type=\"text\" id=\"wpforms-1109-field_5\" class=\"wpforms-field-name-first wpforms-field-required\" name=\"wpforms[fields][5][first]\" aria-errormessage=\"wpforms-1109-field_5-error\" required><label for=\"wpforms-1109-field_5\" class=\"wpforms-field-sublabel after\">Pr\u00e9nom<\/label><\/div><div class=\"wpforms-field-row-block wpforms-one-half\"><input type=\"text\" id=\"wpforms-1109-field_5-last\" class=\"wpforms-field-name-last wpforms-field-required\" name=\"wpforms[fields][5][last]\" aria-errormessage=\"wpforms-1109-field_5-last-error\" required><label for=\"wpforms-1109-field_5-last\" class=\"wpforms-field-sublabel after\">Nom<\/label><\/div><\/div><\/fieldset><\/div><div id=\"wpforms-1109-field_7-container\" class=\"wpforms-field wpforms-field-email\" data-field-id=\"7\"><label class=\"wpforms-field-label\" for=\"wpforms-1109-field_7\">E-mail <span class=\"wpforms-required-label\" aria-hidden=\"true\">*<\/span><\/label><input type=\"email\" id=\"wpforms-1109-field_7\" class=\"wpforms-field-medium wpforms-field-required\" name=\"wpforms[fields][7]\" spellcheck=\"false\" aria-errormessage=\"wpforms-1109-field_7-error\" required><\/div><div id=\"wpforms-1109-field_11-container\" class=\"wpforms-field wpforms-field-select wpforms-field-select-style-classic\" data-field-id=\"11\"><label class=\"wpforms-field-label\" for=\"wpforms-1109-field_11\">Vous souhaitez r\u00e9server : <span class=\"wpforms-required-label\" aria-hidden=\"true\">*<\/span><\/label><select id=\"wpforms-1109-field_11\" class=\"wpforms-field-medium wpforms-field-required\" name=\"wpforms[fields][11]\" required=\"required\"><option value=\"\" class=\"placeholder\" disabled  selected='selected'>&#8212; S\u00e9lectionner un choix &#8212;<\/option><option value=\"\u0152uvre sur mesure\"  class=\"choice-7 depth-1\"  >\u0152uvre sur mesure<\/option><option value=\"Conception sacr\u00e9e\"  class=\"choice-1 depth-1\"  >Conception sacr\u00e9e<\/option><option value=\"Vivre\"  class=\"choice-2 depth-1\"  >Vivre<\/option><option value=\"La dame\"  class=\"choice-6 depth-1\"  >La dame<\/option><option value=\"Circulation\"  class=\"choice-8 depth-1\"  >Circulation<\/option><option value=\"Cl\u00e9 gardienne\"  class=\"choice-9 depth-1\"  >Cl\u00e9 gardienne<\/option><\/select><\/div><div id=\"wpforms-1109-field_12-container\" class=\"wpforms-field wpforms-field-textarea\" data-field-id=\"12\"><label class=\"wpforms-field-label\" for=\"wpforms-1109-field_12\">Si vous voulez r\u00e9server une \u0153uvre sur mesure :<\/label><textarea id=\"wpforms-1109-field_12\" class=\"wpforms-field-medium\" name=\"wpforms[fields][12]\" aria-errormessage=\"wpforms-1109-field_12-error\" aria-describedby=\"wpforms-1109-field_12-description\" ><\/textarea><div id=\"wpforms-1109-field_12-description\" class=\"wpforms-field-description\">Veuillez m\u2019indiquer votre date de naissance, ce que vous recherchez \u00e0 travers cette \u0153uvre ainsi que le format souhait\u00e9. Je vous contacterai prochainement pour proposer un devis.<\/div><\/div>\t\t<div id=\"wpforms-1109-field_1-container\"\n\t\t\tclass=\"wpforms-field wpforms-field-text\"\n\t\t\tdata-field-type=\"text\"\n\t\t\tdata-field-id=\"1\"\n\t\t\t>\n\t\t\t<label class=\"wpforms-field-label\" for=\"wpforms-1109-field_1\" >: utiles souhaitez<\/label>\n\t\t\t<input type=\"text\" id=\"wpforms-1109-field_1\" class=\"wpforms-field-medium\" name=\"wpforms[fields][1]\" >\n\t\t<\/div>\n\t\t<div id=\"wpforms-1109-field_13-container\" class=\"wpforms-field wpforms-field-textarea\" data-field-id=\"13\"><label class=\"wpforms-field-label\" for=\"wpforms-1109-field_13\">Autres informations utiles que vous souhaitez partager :<\/label><textarea id=\"wpforms-1109-field_13\" class=\"wpforms-field-medium\" name=\"wpforms[fields][13]\" aria-errormessage=\"wpforms-1109-field_13-error\" ><\/textarea><\/div><script>\n\t\t\t\t( function() {\n\t\t\t\t\tconst style = document.createElement( 'style' );\n\t\t\t\t\tstyle.appendChild( document.createTextNode( '#wpforms-1109-field_1-container { position: absolute !important; overflow: hidden !important; display: inline !important; height: 1px !important; width: 1px !important; z-index: -1000 !important; padding: 0 !important; } #wpforms-1109-field_1-container input { visibility: hidden; } #wpforms-conversational-form-page #wpforms-1109-field_1-container label { counter-increment: none; }' ) );\n\t\t\t\t\tdocument.head.appendChild( style );\n\t\t\t\t\tdocument.currentScript?.remove();\n\t\t\t\t} )();\n\t\t\t<\/script><\/div><!-- .wpforms-field-container --><div class=\"wpforms-submit-container\" ><input type=\"hidden\" name=\"wpforms[id]\" value=\"1109\"><input type=\"hidden\" name=\"page_title\" value=\"\"><input type=\"hidden\" name=\"page_url\" value=\"https:\/\/evolu-bianca-and-co.com\/index.php?rest_route=\/wp\/v2\/pages\/1466\"><input type=\"hidden\" name=\"url_referer\" value=\"\"><button type=\"submit\" name=\"wpforms[submit]\" id=\"wpforms-submit-1109\" class=\"wpforms-submit\" data-alt-text=\"Envoi...\" data-submit-text=\"Envoyer\" aria-live=\"assertive\" value=\"wpforms-submit\">Envoyer<\/button><img loading=\"lazy\" decoding=\"async\" src=\"https:\/\/evolu-bianca-and-co.com\/wp-content\/plugins\/wpforms-lite\/assets\/images\/submit-spin.svg\" class=\"wpforms-submit-spinner\" style=\"display: none;\" width=\"26\" height=\"26\" alt=\"Chargement en cours\"><\/div><\/form><\/div>  <!-- .wpforms-container -->\n\n\n<hr class=\"wp-block-separator has-alpha-channel-opacity\"\/>\n\n\n\n<div class=\"wp-block-columns is-layout-flex wp-container-core-columns-is-layout-28f84493 wp-block-columns-is-layout-flex\">\n<div class=\"wp-block-column is-layout-flow wp-block-column-is-layout-flow\">\n<div class=\"wp-block-buttons is-layout-flex wp-block-buttons-is-layout-flex\"><div class=\"wp-block-button has-custom-width wp-block-button__width-100 plover-entrance-animated plover-invisible\" data-entrance-animation=\"fadeInUp\"><a class=\"wp-block-button__link has-secondary-background-color has-background has-medium-font-size has-custom-font-size wp-element-button\" href=\"https:\/\/evolu-bianca-and-co.com\/?page_id=170\">Retour &#8211; Peinture<\/a><\/div>\n<\/div>\n<\/div>\n\n\n\n<div class=\"wp-block-column is-layout-flow wp-block-column-is-layout-flow\">\n<div class=\"wp-block-buttons is-layout-flex wp-block-buttons-is-layout-flex\"><div class=\"wp-block-button has-custom-width wp-block-button__width-100 plover-entrance-animated plover-invisible\" data-entrance-animation=\"fadeInUp\"><a class=\"wp-block-button__link has-secondary-background-color has-background has-medium-font-size has-custom-font-size wp-element-button\" href=\"https:\/\/evolu-bianca-and-co.com\/?page_id=1464\">L&rsquo;histoire de mes peintures<\/a><\/div>\n<\/div>\n<\/div>\n\n\n\n<div class=\"wp-block-column is-layout-flow wp-block-column-is-layout-flow\">\n<div class=\"wp-block-buttons is-layout-flex wp-block-buttons-is-layout-flex\"><div class=\"wp-block-button has-custom-width wp-block-button__width-100 plover-entrance-animated plover-invisible\" data-entrance-animation=\"fadeInUp\"><a class=\"wp-block-button__link has-secondary-background-color has-background has-medium-font-size has-custom-font-size wp-element-button\" href=\"https:\/\/evolu-bianca-and-co.com\/?page_id=821\">Mon &eacute;volution artistique<\/a><\/div>\n<\/div>\n<\/div>\n<\/div>\n","protected":false},"excerpt":{"rendered":"","protected":false},"author":1,"featured_media":1246,"parent":0,"menu_order":0,"comment_status":"closed","ping_status":"closed","template":"","meta":{"footnotes":""},"class_list":["post-1466","page","type-page","status-publish","has-post-thumbnail","hentry"],"_links":{"self":[{"href":"https:\/\/evolu-bianca-and-co.com\/index.php?rest_route=\/wp\/v2\/pages\/1466","targetHints":{"allow":["GET"]}}],"collection":[{"href":"https:\/\/evolu-bianca-and-co.com\/index.php?rest_route=\/wp\/v2\/pages"}],"about":[{"href":"https:\/\/evolu-bianca-and-co.com\/index.php?rest_route=\/wp\/v2\/types\/page"}],"author":[{"embeddable":true,"href":"https:\/\/evolu-bianca-and-co.com\/index.php?rest_route=\/wp\/v2\/users\/1"}],"replies":[{"embeddable":true,"href":"https:\/\/evolu-bianca-and-co.com\/index.php?rest_route=%2Fwp%2Fv2%2Fcomments&post=1466"}],"version-history":[{"count":2,"href":"https:\/\/evolu-bianca-and-co.com\/index.php?rest_route=\/wp\/v2\/pages\/1466\/revisions"}],"predecessor-version":[{"id":2105,"href":"https:\/\/evolu-bianca-and-co.com\/index.php?rest_route=\/wp\/v2\/pages\/1466\/revisions\/2105"}],"wp:featuredmedia":[{"embeddable":true,"href":"https:\/\/evolu-bianca-and-co.com\/index.php?rest_route=\/wp\/v2\/media\/1246"}],"wp:attachment":[{"href":"https:\/\/evolu-bianca-and-co.com\/index.php?rest_route=%2Fwp%2Fv2%2Fmedia&parent=1466"}],"curies":[{"name":"wp","href":"https:\/\/api.w.org\/{rel}","templated":true}]}}