{"id":1512,"date":"2025-10-21T15:38:21","date_gmt":"2025-10-21T15:38:21","guid":{"rendered":"https:\/\/evolu-bianca-and-co.com\/?page_id=1512"},"modified":"2025-10-21T15:38:21","modified_gmt":"2025-10-21T15:38:21","slug":"formulaire-de-contact","status":"publish","type":"page","link":"https:\/\/evolu-bianca-and-co.com\/?page_id=1512","title":{"rendered":"Formulaire de contact"},"content":{"rendered":"<style id=\"wpforms-css-vars-1233-block-716d33a4-5f12-4e8e-97e7-70f032388015\">\n\t\t\t\t#wpforms-1233.wpforms-block-716d33a4-5f12-4e8e-97e7-70f032388015 {\n\t\t\t\t--wpforms-field-size-input-height: 43px;\n--wpforms-field-size-input-spacing: 15px;\n--wpforms-field-size-font-size: 16px;\n--wpforms-field-size-line-height: 19px;\n--wpforms-field-size-padding-h: 14px;\n--wpforms-field-size-checkbox-size: 16px;\n--wpforms-field-size-sublabel-spacing: 5px;\n--wpforms-field-size-icon-size: 1;\n--wpforms-label-size-font-size: 16px;\n--wpforms-label-size-line-height: 19px;\n--wpforms-label-size-sublabel-font-size: 14px;\n--wpforms-label-size-sublabel-line-height: 17px;\n--wpforms-button-size-font-size: 17px;\n--wpforms-button-size-height: 41px;\n--wpforms-button-size-padding-h: 15px;\n--wpforms-button-size-margin-top: 10px;\n\t\t\t}\n\t\t\t<\/style><div class=\"wpforms-container wpforms-container-full wpforms-block wpforms-block-716d33a4-5f12-4e8e-97e7-70f032388015 wpforms-render-modern\" id=\"wpforms-1233\"><form id=\"wpforms-form-1233\" class=\"wpforms-validate wpforms-form wpforms-ajax-form\" data-formid=\"1233\" method=\"post\" enctype=\"multipart\/form-data\" action=\"\/index.php?rest_route=%2Fwp%2Fv2%2Fpages%2F1512\" data-token=\"9360adcf73006df72084612c668a623b\" data-token-time=\"1776692983\"><noscript class=\"wpforms-error-noscript\">Veuillez activer JavaScript dans votre navigateur pour remplir ce formulaire.<\/noscript><div id=\"wpforms-error-noscript\" style=\"display: none;\">Veuillez activer JavaScript dans votre navigateur pour remplir ce formulaire.<\/div><div class=\"wpforms-field-container\"><div id=\"wpforms-1233-field_1-container\" class=\"wpforms-field wpforms-field-name\" data-field-id=\"1\"><fieldset><legend class=\"wpforms-field-label\">Nom <span class=\"wpforms-required-label\" aria-hidden=\"true\">*<\/span><\/legend><div class=\"wpforms-field-row wpforms-field-medium\"><div class=\"wpforms-field-row-block wpforms-first wpforms-one-half\"><input type=\"text\" id=\"wpforms-1233-field_1\" class=\"wpforms-field-name-first wpforms-field-required\" name=\"wpforms[fields][1][first]\" aria-errormessage=\"wpforms-1233-field_1-error\" required><label for=\"wpforms-1233-field_1\" class=\"wpforms-field-sublabel after\">Pr\u00e9nom<\/label><\/div><div class=\"wpforms-field-row-block wpforms-one-half\"><input type=\"text\" id=\"wpforms-1233-field_1-last\" class=\"wpforms-field-name-last wpforms-field-required\" name=\"wpforms[fields][1][last]\" aria-errormessage=\"wpforms-1233-field_1-last-error\" required><label for=\"wpforms-1233-field_1-last\" class=\"wpforms-field-sublabel after\">Nom<\/label><\/div><\/div><\/fieldset><\/div>\t\t<div id=\"wpforms-1233-field_2-container\"\n\t\t\tclass=\"wpforms-field wpforms-field-text\"\n\t\t\tdata-field-type=\"text\"\n\t\t\tdata-field-id=\"2\"\n\t\t\t>\n\t\t\t<label class=\"wpforms-field-label\" for=\"wpforms-1233-field_2\" >accompagnements, concerne mani\u00e8re<\/label>\n\t\t\t<input type=\"text\" id=\"wpforms-1233-field_2\" class=\"wpforms-field-medium\" name=\"wpforms[fields][2]\" >\n\t\t<\/div>\n\t\t<div id=\"wpforms-1233-field_5-container\" class=\"wpforms-field wpforms-field-select wpforms-field-select-style-classic\" data-field-id=\"5\"><label class=\"wpforms-field-label\" for=\"wpforms-1233-field_5\">De quelle mani\u00e8re vous souhaitez \u00eatre contact\u00e9 ? <span class=\"wpforms-required-label\" aria-hidden=\"true\">*<\/span><\/label><select id=\"wpforms-1233-field_5\" class=\"wpforms-field-medium wpforms-field-required\" name=\"wpforms[fields][5]\" required=\"required\"><option value=\"\" class=\"placeholder\" disabled  selected='selected'>&#8212; S\u00e9lectionner un choix &#8212;<\/option><option value=\"Par mail\"  class=\"choice-1 depth-1\"  >Par mail<\/option><option value=\"Par t\u00e9l\u00e9phone\"  class=\"choice-2 depth-1\"  >Par t\u00e9l\u00e9phone<\/option><\/select><\/div><div id=\"wpforms-1233-field_6-container\" class=\"wpforms-field wpforms-field-text\" data-field-id=\"6\"><label class=\"wpforms-field-label\" for=\"wpforms-1233-field_6\">Indiquer mail et\/ou t\u00e9l\u00e9phone <span class=\"wpforms-required-label\" aria-hidden=\"true\">*<\/span><\/label><input type=\"text\" id=\"wpforms-1233-field_6\" class=\"wpforms-field-medium wpforms-field-required\" name=\"wpforms[fields][6]\" aria-errormessage=\"wpforms-1233-field_6-error\" required><\/div><div id=\"wpforms-1233-field_8-container\" class=\"wpforms-field wpforms-field-radio\" data-field-id=\"8\"><fieldset><legend class=\"wpforms-field-label\">Votre demande concerne quelle prestation ? <span class=\"wpforms-required-label\" aria-hidden=\"true\">*<\/span><\/legend><ul id=\"wpforms-1233-field_8\" class=\"wpforms-field-required\"><li class=\"choice-1 depth-1\"><input type=\"radio\" id=\"wpforms-1233-field_8_1\" name=\"wpforms[fields][8]\" value=\"Accompagnement\" aria-errormessage=\"wpforms-1233-field_8_1-error\" required ><label class=\"wpforms-field-label-inline\" for=\"wpforms-1233-field_8_1\">Accompagnement<\/label><\/li><li class=\"choice-2 depth-1\"><input type=\"radio\" id=\"wpforms-1233-field_8_2\" name=\"wpforms[fields][8]\" value=\"H\u00e9bergement\" aria-errormessage=\"wpforms-1233-field_8_2-error\" required ><label class=\"wpforms-field-label-inline\" for=\"wpforms-1233-field_8_2\">H\u00e9bergement<\/label><\/li><li class=\"choice-3 depth-1\"><input type=\"radio\" id=\"wpforms-1233-field_8_3\" name=\"wpforms[fields][8]\" value=\"Cr\u00e9ation\" aria-errormessage=\"wpforms-1233-field_8_3-error\" required ><label class=\"wpforms-field-label-inline\" for=\"wpforms-1233-field_8_3\">Cr\u00e9ation<\/label><\/li><\/ul><\/fieldset><\/div><div id=\"wpforms-1233-field_9-container\" class=\"wpforms-field wpforms-field-select wpforms-field-select-style-classic\" data-field-id=\"9\"><label class=\"wpforms-field-label\" for=\"wpforms-1233-field_9\">Si c\u2019est au sujet des accompagnements, lequel ?<\/label><select id=\"wpforms-1233-field_9\" class=\"wpforms-field-medium\" name=\"wpforms[fields][9]\"><option value=\"\u2026\u2026.\"  class=\"choice-7 depth-1\"  >\u2026\u2026.<\/option><option value=\"Equith\u00e9rapie\"  class=\"choice-1 depth-1\"  >Equith\u00e9rapie<\/option><option value=\"Marche afghane avec les chevaux et les \u00e2nes\"  class=\"choice-2 depth-1\"  >Marche afghane avec les chevaux et les \u00e2nes<\/option><option value=\"S\u00e9minaire d\u2019entreprise\"  class=\"choice-3 depth-1\"  >S\u00e9minaire d\u2019entreprise<\/option><option value=\"Lecture de vie ant\u00e9rieure\"  class=\"choice-4 depth-1\"  >Lecture de vie ant\u00e9rieure<\/option><option value=\"Constellation familiale et syst\u00e9mique avec les chevaux\"  class=\"choice-5 depth-1\"  >Constellation familiale et syst\u00e9mique avec les chevaux<\/option><option value=\"Ateliers et retraites\"  class=\"choice-6 depth-1\"  >Ateliers et retraites<\/option><\/select><\/div><div id=\"wpforms-1233-field_12-container\" class=\"wpforms-field wpforms-field-textarea\" data-field-id=\"12\"><label class=\"wpforms-field-label\" for=\"wpforms-1233-field_12\">Votre demande :<\/label><textarea id=\"wpforms-1233-field_12\" class=\"wpforms-field-medium\" name=\"wpforms[fields][12]\" aria-errormessage=\"wpforms-1233-field_12-error\" ><\/textarea><\/div><script>\n\t\t\t\t( function() {\n\t\t\t\t\tconst style = document.createElement( 'style' );\n\t\t\t\t\tstyle.appendChild( document.createTextNode( '#wpforms-1233-field_2-container { position: absolute !important; overflow: hidden !important; display: inline !important; height: 1px !important; width: 1px !important; z-index: -1000 !important; padding: 0 !important; } #wpforms-1233-field_2-container input { visibility: hidden; } #wpforms-conversational-form-page #wpforms-1233-field_2-container label { counter-increment: none; }' ) );\n\t\t\t\t\tdocument.head.appendChild( style );\n\t\t\t\t\tdocument.currentScript?.remove();\n\t\t\t\t} )();\n\t\t\t<\/script><\/div><!-- .wpforms-field-container --><div class=\"wpforms-submit-container\" ><input type=\"hidden\" name=\"wpforms[id]\" value=\"1233\"><input type=\"hidden\" name=\"page_title\" value=\"\"><input type=\"hidden\" name=\"page_url\" value=\"https:\/\/evolu-bianca-and-co.com\/index.php?rest_route=\/wp\/v2\/pages\/1512\"><input type=\"hidden\" name=\"url_referer\" value=\"\"><button type=\"submit\" name=\"wpforms[submit]\" id=\"wpforms-submit-1233\" class=\"wpforms-submit\" data-alt-text=\"Envoi...\" data-submit-text=\"Envoyer\" aria-live=\"assertive\" value=\"wpforms-submit\">Envoyer<\/button><img loading=\"lazy\" decoding=\"async\" src=\"https:\/\/evolu-bianca-and-co.com\/wp-content\/plugins\/wpforms-lite\/assets\/images\/submit-spin.svg\" class=\"wpforms-submit-spinner\" style=\"display: none;\" width=\"26\" height=\"26\" alt=\"Chargement en cours\"><\/div><\/form><\/div>  <!-- .wpforms-container -->","protected":false},"excerpt":{"rendered":"","protected":false},"author":1,"featured_media":0,"parent":0,"menu_order":0,"comment_status":"closed","ping_status":"closed","template":"","meta":{"footnotes":""},"class_list":["post-1512","page","type-page","status-publish","hentry"],"_links":{"self":[{"href":"https:\/\/evolu-bianca-and-co.com\/index.php?rest_route=\/wp\/v2\/pages\/1512","targetHints":{"allow":["GET"]}}],"collection":[{"href":"https:\/\/evolu-bianca-and-co.com\/index.php?rest_route=\/wp\/v2\/pages"}],"about":[{"href":"https:\/\/evolu-bianca-and-co.com\/index.php?rest_route=\/wp\/v2\/types\/page"}],"author":[{"embeddable":true,"href":"https:\/\/evolu-bianca-and-co.com\/index.php?rest_route=\/wp\/v2\/users\/1"}],"replies":[{"embeddable":true,"href":"https:\/\/evolu-bianca-and-co.com\/index.php?rest_route=%2Fwp%2Fv2%2Fcomments&post=1512"}],"version-history":[{"count":1,"href":"https:\/\/evolu-bianca-and-co.com\/index.php?rest_route=\/wp\/v2\/pages\/1512\/revisions"}],"predecessor-version":[{"id":1513,"href":"https:\/\/evolu-bianca-and-co.com\/index.php?rest_route=\/wp\/v2\/pages\/1512\/revisions\/1513"}],"wp:attachment":[{"href":"https:\/\/evolu-bianca-and-co.com\/index.php?rest_route=%2Fwp%2Fv2%2Fmedia&parent=1512"}],"curies":[{"name":"wp","href":"https:\/\/api.w.org\/{rel}","templated":true}]}}