{"id":1597,"date":"2025-10-22T13:31:34","date_gmt":"2025-10-22T13:31:34","guid":{"rendered":"https:\/\/evolu-bianca-and-co.com\/?page_id=1597"},"modified":"2025-10-22T14:09:08","modified_gmt":"2025-10-22T14:09:08","slug":"deroulement","status":"publish","type":"page","link":"https:\/\/evolu-bianca-and-co.com\/?page_id=1597","title":{"rendered":"D\u00e9roulement"},"content":{"rendered":"<ul class=\"wp-block-list\" style=\"\">\n<li class=\"has-foreground-color has-text-color has-link-color has-medium-font-size wp-elements-976bd8cec39109ecd95ddd16d8b60707\"><strong>Accueil<\/strong><\/li>\n<\/ul>\n\n\n\n<p class=\"has-foreground-color has-text-color has-link-color has-medium-font-size wp-elements-b3bdb1d66a6aae1d82247864ba5dd38b\">Ce temps d\u2019accueil est consacr\u00e9 \u00e0&nbsp;<strong>exprimer votre demande<\/strong>, \u00e0&nbsp;<strong>clarifier ce qui vous am\u00e8ne<\/strong>&nbsp;et \u00e0&nbsp;<strong>d\u00e9finir un objectif de travail<\/strong>&nbsp;en accord avec vos besoins du moment. Si vous ne savez pas exactement pourquoi vous venez, pas d\u2019inqui\u00e9tude : ce moment d\u2019\u00e9change est justement l\u00e0 pour&nbsp;<strong>faire \u00e9merger ce qui demande \u00e0 \u00eatre entendu<\/strong>. <\/p>\n\n\n<ul class=\"wp-block-list\" style=\"\">\n<li class=\"has-foreground-color has-text-color has-link-color has-medium-font-size wp-elements-ed8ca725005f1d87919ed266a22fbb8c\"><strong>Avec les chevaux et les &acirc;nes<\/strong><\/li>\n<\/ul>\n\n\n\n<p class=\"has-foreground-color has-text-color has-link-color has-medium-font-size wp-elements-f350be9b375ee3d85ac5bcdbd7ca002d\">Chaque s\u00e9ance est <strong>unique<\/strong>. J\u2019allie mes comp\u00e9tences de psychologue avec la sensibilit\u00e9 et l\u2019intelligence \u00e9motionnelle des chevaux. Je vous accompagne dans votre \u00e9laboration, \u00e0 l\u2019aide d\u2019un&nbsp;questionnement cibl\u00e9, un&nbsp;exercice d\u2019exploration, une visualisation guid\u00e9e, ou autre en fonction de ce dont vous avez besoin.<\/p>\n\n\n<ul class=\"wp-block-list\" style=\"\">\n<li class=\"has-foreground-color has-text-color has-link-color has-medium-font-size wp-elements-0acb7bcd33f57a57935f88db6ee8e464\">\n<strong>Cl&ocirc;ture<\/strong> <\/li>\n<\/ul>\n\n\n\n<p class=\"has-foreground-color has-text-color has-link-color has-medium-font-size wp-elements-54f0c1d3de557edc39389e99e2e05ea4\"> Un temps est toujours consacr\u00e9 \u00e0 remercier les chevaux pour leur pr\u00e9sence, leur \u00e9coute et ce qu\u2019ils ont permis de mettre en lumi\u00e8re durant la s\u00e9ance. Ce moment de cl\u00f4ture est essentiel : il permet d\u2019honorer la relation, de reconna\u00eetre les \u00e9motions travers\u00e9es et de poser une intention de retour \u00e0 soi. \u00c0 l\u2019issue de la s\u00e9ance, de nouvelles questions peuvent \u00e9merger pouvant donner lieu \u00e0 de nouveaux rendez-vous. Beaucoup de probl\u00e9matiques n\u00e9cessitent un travail plus approfondi selon ce que vous \u00eates pr\u00eat \u00e0 explorer.<\/p>\n\n\n\n<hr class=\"wp-block-separator has-alpha-channel-opacity\"\/>\n\n\n\n<div class=\"wp-block-columns is-layout-flex wp-container-core-columns-is-layout-28f84493 wp-block-columns-is-layout-flex\">\n<div class=\"wp-block-column is-layout-flow wp-block-column-is-layout-flow\">\n<div class=\"wp-block-buttons is-layout-flex wp-block-buttons-is-layout-flex\">\n<div class=\"wp-block-button has-custom-width wp-block-button__width-100 is-style-outline is-style-outline--1\"><a class=\"wp-block-button__link has-foreground-color has-text-color has-background has-link-color has-medium-font-size has-custom-font-size wp-element-button\" href=\"https:\/\/evolu-bianca-and-co.com\/?page_id=322\" style=\"background-color:#fea100\">Retour &#8211; Equith\u00e9rapie<\/a><\/div>\n<\/div>\n<\/div>\n\n\n\n<div class=\"wp-block-column is-layout-flow wp-block-column-is-layout-flow\">\n<div class=\"wp-block-buttons is-layout-flex wp-block-buttons-is-layout-flex\">\n<div class=\"wp-block-button has-custom-width wp-block-button__width-100 is-style-outline is-style-outline--2\"><a class=\"wp-block-button__link has-foreground-color has-text-color has-background has-link-color has-medium-font-size has-custom-font-size wp-element-button\" href=\"https:\/\/evolu-bianca-and-co.com\/?page_id=1591\" style=\"background-color:#ff9d00\">Quelques mots d\u2019histoire<\/a><\/div>\n<\/div>\n<\/div>\n\n\n\n<div class=\"wp-block-column is-layout-flow wp-block-column-is-layout-flow\">\n<div class=\"wp-block-buttons is-layout-flex wp-block-buttons-is-layout-flex\">\n<div class=\"wp-block-button has-custom-width wp-block-button__width-100 is-style-outline is-style-outline--3\"><a class=\"wp-block-button__link has-foreground-color has-text-color has-background has-link-color has-medium-font-size has-custom-font-size wp-element-button\" href=\"https:\/\/evolu-bianca-and-co.com\/?page_id=1606\" style=\"background-color:#ffa500\">Pourquoi le cheval ?<\/a><\/div>\n<\/div>\n<\/div>\n<\/div>\n\n\n\n<p class=\"has-medium-font-size\"><\/p>\n\n\n\n<p><\/p>\n","protected":false},"excerpt":{"rendered":"<p>Ce temps d\u2019accueil est consacr\u00e9 \u00e0&nbsp;exprimer votre demande, \u00e0&nbsp;clarifier ce qui vous am\u00e8ne&nbsp;et \u00e0&nbsp;d\u00e9finir un objectif de travail&nbsp;en accord avec vos besoins du moment. Si vous ne savez pas exactement pourquoi vous venez, pas d\u2019inqui\u00e9tude : ce moment d\u2019\u00e9change est justement l\u00e0 pour&nbsp;faire \u00e9merger ce qui demande \u00e0 \u00eatre entendu. Chaque s\u00e9ance est unique. J\u2019allie &hellip; <\/p>\n<p class=\"link-more\"><a href=\"https:\/\/evolu-bianca-and-co.com\/?page_id=1597\" class=\"more-link\">Lire la suite de<span class=\"screen-reader-text\">\u00ab\u00a0D\u00e9roulement\u00a0\u00bb<\/span><\/a><\/p>\n","protected":false},"author":1,"featured_media":1588,"parent":0,"menu_order":0,"comment_status":"closed","ping_status":"closed","template":"","meta":{"footnotes":""},"class_list":["post-1597","page","type-page","status-publish","has-post-thumbnail","hentry"],"_links":{"self":[{"href":"https:\/\/evolu-bianca-and-co.com\/index.php?rest_route=\/wp\/v2\/pages\/1597","targetHints":{"allow":["GET"]}}],"collection":[{"href":"https:\/\/evolu-bianca-and-co.com\/index.php?rest_route=\/wp\/v2\/pages"}],"about":[{"href":"https:\/\/evolu-bianca-and-co.com\/index.php?rest_route=\/wp\/v2\/types\/page"}],"author":[{"embeddable":true,"href":"https:\/\/evolu-bianca-and-co.com\/index.php?rest_route=\/wp\/v2\/users\/1"}],"replies":[{"embeddable":true,"href":"https:\/\/evolu-bianca-and-co.com\/index.php?rest_route=%2Fwp%2Fv2%2Fcomments&post=1597"}],"version-history":[{"count":5,"href":"https:\/\/evolu-bianca-and-co.com\/index.php?rest_route=\/wp\/v2\/pages\/1597\/revisions"}],"predecessor-version":[{"id":1622,"href":"https:\/\/evolu-bianca-and-co.com\/index.php?rest_route=\/wp\/v2\/pages\/1597\/revisions\/1622"}],"wp:featuredmedia":[{"embeddable":true,"href":"https:\/\/evolu-bianca-and-co.com\/index.php?rest_route=\/wp\/v2\/media\/1588"}],"wp:attachment":[{"href":"https:\/\/evolu-bianca-and-co.com\/index.php?rest_route=%2Fwp%2Fv2%2Fmedia&parent=1597"}],"curies":[{"name":"wp","href":"https:\/\/api.w.org\/{rel}","templated":true}]}}