{"id":1662,"date":"2025-10-22T14:49:20","date_gmt":"2025-10-22T14:49:20","guid":{"rendered":"https:\/\/evolu-bianca-and-co.com\/?page_id=1662"},"modified":"2025-10-22T15:20:08","modified_gmt":"2025-10-22T15:20:08","slug":"deroulement-a","status":"publish","type":"page","link":"https:\/\/evolu-bianca-and-co.com\/?page_id=1662","title":{"rendered":"D\u00e9roulement"},"content":{"rendered":"<ul class=\"wp-block-list\" style=\"\">\n<li class=\"has-foreground-color has-text-color has-link-color has-medium-font-size wp-elements-401b0a99b0998867167d49d763399acb plover-entrance-animated plover-invisible\" data-entrance-animation=\"fadeInUp\"><strong>Accueil<\/strong><\/li>\n<\/ul>\n\n\n<p class=\"has-foreground-color has-text-color has-link-color has-medium-font-size wp-elements-e01505aaff25f90216fdca117de2df37 plover-entrance-animated plover-invisible\" data-entrance-animation=\"fadeInUp\">Dans un premier temps, je vous invite &agrave;&nbsp;vous d&eacute;poser &agrave; l&rsquo;aide de la respiration :  laisser le mental s&rsquo;apaiser pour entrer dans un espace de pr&eacute;sence et d&rsquo;&eacute;coute. Une lecture akashique ne peut se r&eacute;aliser qu&rsquo;&agrave; partir d&rsquo;une demande authentique. On ne visite pas les biblioth&egrave;ques akashiques par simple curiosit&eacute; : il s&rsquo;agit d&rsquo;un&nbsp;outil sacr&eacute;, mis au service de votre&nbsp;&eacute;volution et de votre chemin de vie.<\/p>\n\n\n<p class=\"has-foreground-color has-text-color has-link-color has-medium-font-size wp-elements-09ca0b39037d6aab35c9b7988375e7a1 plover-entrance-animated plover-invisible\" data-entrance-animation=\"fadeInUp\"><strong>Pour<\/strong> recevoir une <strong>r&eacute;ponse claire<\/strong>, il est essentiel de&nbsp;formuler<strong> intention claire<\/strong>. <strong>Chaque mot porte une vibration<\/strong>. C&rsquo;est pourquoi&nbsp;ce premier temps d&rsquo;&eacute;change et de centrage est fondamental&nbsp;: il permet d&rsquo;ouvrir la voie juste et align&eacute;e pour votre exploration.<\/p>\n\n\n<ul class=\"wp-block-list\" style=\"\">\n<li class=\"has-foreground-color has-text-color has-link-color has-medium-font-size wp-elements-8b71842e9a5f17f7a821ef3f8f37ba44 plover-entrance-animated plover-invisible\" data-entrance-animation=\"fadeInUp\"><strong>Lecture<\/strong><\/li>\n<\/ul>\n\n\n<p class=\"has-medium-font-size plover-entrance-animated plover-invisible\" data-entrance-animation=\"fadeInUp\">Dans un second temps, je vous invite &agrave;&nbsp;demeurer en silence, le c&oelig;ur et l&rsquo;esprit ouverts, pendant que je ferme les yeux pour&nbsp;me relier &agrave; votre &acirc;me&nbsp;et suivre le fil qu&rsquo;elle me propose pour r&eacute;pondre &agrave; votre demande. Je ne sais jamais &agrave; l&rsquo;avance ce qui va se pr&eacute;senter : &agrave; partir de cet instant, je vous d&eacute;crirai&nbsp;en temps r&eacute;el&nbsp;tout ce que je per&ccedil;ois.<\/p>\n\n\n<p class=\"has-medium-font-size plover-entrance-animated plover-invisible\" data-entrance-animation=\"fadeInUp\">Une ou plusieurs vies peuvent alors se d&eacute;ployer, faisant appara&icirc;tre des&nbsp;personnages, des&nbsp;messages&nbsp;ou m&ecirc;me des&nbsp;dialogues. Lorsqu&rsquo;un dialogue se pr&eacute;sente, je recueille votre accord avant de poursuivre. Si vous accepter de r&eacute;pondre &agrave; la demande de dialogue, vous effectuer&nbsp;une conversation avec une autre version de vous-m&ecirc;me, et favoriser ainsi une meilleure compr&eacute;hension ou une int&eacute;gration plus profonde.<\/p>\n\n\n<p class=\"has-medium-font-size plover-entrance-animated plover-invisible\" data-entrance-animation=\"fadeInUp\">Ce moment, qui peut sembler &eacute;tonnant, a une&nbsp;valeur profonde&nbsp;: c&rsquo;est comme si votre &acirc;me vous invitait &agrave;&nbsp;vous adresser directement &agrave; vous-m&ecirc;me, &agrave; travers l&rsquo;image d&rsquo;un autre aspect d&rsquo;elle. Ainsi, sous couvert de cette rencontre, vous recevez&nbsp;les mots que vous aviez besoin d&rsquo;entendre, port&eacute;s par ce fragment de votre &ecirc;tre.<\/p>\n\n\n<ul class=\"wp-block-list\" style=\"\">\n<li class=\"has-foreground-color has-text-color has-link-color has-medium-font-size wp-elements-8f2890f1debaee6a3791cdd9f910ffec plover-entrance-animated plover-invisible\" data-entrance-animation=\"fadeInUp\"><strong>Soin &eacute;nerg&eacute;tique<\/strong><\/li>\n<\/ul>\n\n\n<p class=\"has-medium-font-size plover-entrance-animated plover-invisible\" data-entrance-animation=\"fadeInUp\">&Agrave; l&rsquo;issue de la lecture, un soin &eacute;nerg&eacute;tique s&rsquo;active naturellement. C&rsquo;est probablement l&rsquo;&eacute;tape la plus essentielle, juste apr&egrave;s le dialogue s&rsquo;il a eu lieu. L&rsquo;objectif d&rsquo;une lecture akashique est avant tout d&rsquo;agir sur le pr&eacute;sent, afin d&rsquo;apporter clart&eacute;, apaisement et r&eacute;harmonisation. Ce soin vient r&eacute;informer vos cellules des nouvelles donn&eacute;es &eacute;nerg&eacute;tiques re&ccedil;ues en r&eacute;ponse &agrave; votre demande. L&rsquo;histoire per&ccedil;ue pendant la lecture n&rsquo;est finalement qu&rsquo;un contenant symbolique: agr&eacute;able &agrave; entendre, mais secondaire face au travail vibratoire qui s&rsquo;effectue en profondeur.<\/p>\n\n\n\n<p class=\"has-foreground-color has-text-color has-link-color has-medium-font-size wp-elements-16385389257ce7882ad45a9b6f48b643\">Le soin continue d&rsquo;agir pendant environ trois semaines apr\u00e8s la s\u00e9ance &#8211; le temps n\u00e9cessaire pour que les informations s&rsquo;int\u00e8grent pleinement et que vos fr\u00e9quences s&rsquo;ajustent. Je vous d\u00e9crirai en d\u00e9tail la nature du soin, ainsi que les zones du corps ou des plans \u00e9nerg\u00e9tiques sur lesquelles il agit, afin que vous puissiez accueillir ce processus en toute conscience.<\/p>\n\n\n<ul class=\"wp-block-list\" style=\"\">\n<li class=\"has-foreground-color has-text-color has-link-color has-medium-font-size wp-elements-0319fbca1e3fe5d8c81128cd2673bbda plover-entrance-animated plover-invisible\" data-entrance-animation=\"fadeInUp\"><strong>Cl&ocirc;ture<\/strong><\/li>\n<\/ul>\n\n\n<p class=\"has-medium-font-size plover-entrance-animated plover-invisible\" data-entrance-animation=\"fadeInUp\">Lorsque la lecture se termine, j&rsquo;ouvre doucement les yeux et je m&rsquo;assure de votre &eacute;tat, afin que vous soyez bien ancr&eacute; et pr&eacute;sent. Nous prenons ensuite un moment pour &eacute;changer sur votre exp&eacute;rience: ce que vous avez ressenti, compris, ou ce qui a pu vous toucher. C&rsquo;est un temps de partage et d&rsquo;int&eacute;gration, o&ugrave; vous pouvez poser vos questions ou exprimer vos &eacute;motions si vous le souhaitez. Ce retour permet de mettre des mots sur l&rsquo;invisible, d&rsquo;honorer ce qui a &eacute;t&eacute; v&eacute;cu et de refermer la s&eacute;ance en douceur.<\/p>\n\n\n\n<hr class=\"wp-block-separator has-alpha-channel-opacity\"\/>\n\n\n<ul class=\"wp-block-list\" style=\"\">\n<li>\n<\/ul>\n\n\n\n<div class=\"wp-block-columns is-layout-flex wp-container-core-columns-is-layout-28f84493 wp-block-columns-is-layout-flex\">\n<div class=\"wp-block-column is-layout-flow wp-block-column-is-layout-flow\">\n<div class=\"wp-block-buttons is-layout-flex wp-block-buttons-is-layout-flex\"><div class=\"wp-block-button has-custom-width wp-block-button__width-100 plover-entrance-animated plover-invisible\" data-entrance-animation=\"fadeInUp\"><a class=\"wp-block-button__link has-foreground-color has-background-background-color has-text-color has-background has-link-color has-medium-font-size has-custom-font-size wp-element-button\" href=\"https:\/\/evolu-bianca-and-co.com\/?page_id=328\">Retour &#8211; Lecture de vies ant&eacute;rieures<\/a><\/div>\n<\/div>\n<\/div>\n\n\n\n<div class=\"wp-block-column is-layout-flow wp-block-column-is-layout-flow\">\n<div class=\"wp-block-buttons is-layout-flex wp-block-buttons-is-layout-flex\"><div class=\"wp-block-button has-custom-width wp-block-button__width-100 plover-entrance-animated plover-invisible\" data-entrance-animation=\"fadeInUp\"><a class=\"wp-block-button__link has-foreground-color has-background-background-color has-text-color has-background has-link-color has-medium-font-size has-custom-font-size wp-element-button\" href=\"https:\/\/evolu-bianca-and-co.com\/?page_id=1652\">Quelques mots d&rsquo;histoire<\/a><\/div>\n<\/div>\n<\/div>\n\n\n\n<div class=\"wp-block-column is-layout-flow wp-block-column-is-layout-flow\">\n<div class=\"wp-block-buttons is-layout-flex wp-block-buttons-is-layout-flex\"><div class=\"wp-block-button has-custom-width wp-block-button__width-100 plover-entrance-animated plover-invisible\" data-entrance-animation=\"fadeInUp\"><a class=\"wp-block-button__link has-foreground-color has-background-background-color has-text-color has-background has-link-color has-medium-font-size has-custom-font-size wp-element-button\" href=\"https:\/\/evolu-bianca-and-co.com\/?page_id=1664\">&Agrave; quoi &ccedil;a sert ?<\/a><\/div>\n<\/div>\n<\/div>\n<\/div>\n\n\n\n<p><\/p>\n","protected":false},"excerpt":{"rendered":"<p>Dans un premier temps, je vous invite &agrave;&nbsp;vous d&eacute;poser &agrave; l&rsquo;aide de la respiration : laisser le mental s&rsquo;apaiser pour entrer dans un espace de pr&eacute;sence et d&rsquo;&eacute;coute. Une lecture akashique ne peut se r&eacute;aliser qu&rsquo;&agrave; partir d&rsquo;une demande authentique. On ne visite pas les biblioth&egrave;ques akashiques par simple curiosit&eacute; : il s&rsquo;agit d&rsquo;un&nbsp;outil sacr&eacute;, &hellip; <\/p>\n<p class=\"link-more\"><a href=\"https:\/\/evolu-bianca-and-co.com\/?page_id=1662\" class=\"more-link\">Lire la suite de<span class=\"screen-reader-text\">\u00ab\u00a0D\u00e9roulement\u00a0\u00bb<\/span><\/a><\/p>\n","protected":false},"author":1,"featured_media":1647,"parent":0,"menu_order":0,"comment_status":"closed","ping_status":"closed","template":"","meta":{"footnotes":""},"class_list":["post-1662","page","type-page","status-publish","has-post-thumbnail","hentry"],"_links":{"self":[{"href":"https:\/\/evolu-bianca-and-co.com\/index.php?rest_route=\/wp\/v2\/pages\/1662","targetHints":{"allow":["GET"]}}],"collection":[{"href":"https:\/\/evolu-bianca-and-co.com\/index.php?rest_route=\/wp\/v2\/pages"}],"about":[{"href":"https:\/\/evolu-bianca-and-co.com\/index.php?rest_route=\/wp\/v2\/types\/page"}],"author":[{"embeddable":true,"href":"https:\/\/evolu-bianca-and-co.com\/index.php?rest_route=\/wp\/v2\/users\/1"}],"replies":[{"embeddable":true,"href":"https:\/\/evolu-bianca-and-co.com\/index.php?rest_route=%2Fwp%2Fv2%2Fcomments&post=1662"}],"version-history":[{"count":11,"href":"https:\/\/evolu-bianca-and-co.com\/index.php?rest_route=\/wp\/v2\/pages\/1662\/revisions"}],"predecessor-version":[{"id":1696,"href":"https:\/\/evolu-bianca-and-co.com\/index.php?rest_route=\/wp\/v2\/pages\/1662\/revisions\/1696"}],"wp:featuredmedia":[{"embeddable":true,"href":"https:\/\/evolu-bianca-and-co.com\/index.php?rest_route=\/wp\/v2\/media\/1647"}],"wp:attachment":[{"href":"https:\/\/evolu-bianca-and-co.com\/index.php?rest_route=%2Fwp%2Fv2%2Fmedia&parent=1662"}],"curies":[{"name":"wp","href":"https:\/\/api.w.org\/{rel}","templated":true}]}}