{"id":168,"date":"2025-10-01T19:04:05","date_gmt":"2025-10-01T19:04:05","guid":{"rendered":"https:\/\/evolu-bianca-and-co.com\/?page_id=168"},"modified":"2025-12-20T21:12:23","modified_gmt":"2025-12-20T21:12:23","slug":"hebergement","status":"publish","type":"page","link":"https:\/\/evolu-bianca-and-co.com\/?page_id=168","title":{"rendered":"H\u00e9bergement"},"content":{"rendered":"\n<p class=\"has-text-align-center has-foreground-color has-text-color has-link-color wp-elements-ae91a88e4c1b4496fdf9cec6e6eae75f\" style=\"font-size:clamp(16.293px, 1.018rem + ((1vw - 3.2px) * 0.609), 25px);\"><em>Aux portes de la Bretagne et de l\u2019Anjou, la Mayenne (53) vous attend : \u00e0 <strong>1h30 de Paris en train<\/strong>, \u00e0 <strong>25 min de Laval et de Ch\u00e2teau-Gontier en voiture<\/strong>, entre campagne verdoyante et douceur de vivre.<\/em><\/p>\n\n\n<h2 class=\"wp-block-heading has-text-align-center has-foreground-color has-text-color has-link-color wp-elements-391ae664800cc8a37a8e4e8831691c7f\" id=\"studio-de-30-m2\">Studio de 30 m2<\/h2>\n\n\n\n<figure class=\"wp-block-table has-medium-font-size\"><table class=\"has-foreground-color has-text-color has-link-color has-fixed-layout\"><tbody><tr><td class=\"has-text-align-center\" data-align=\"center\"><\/td><td class=\"has-text-align-center\" data-align=\"center\"><strong>10 La Place 53170 Le Bignon du Maine<\/strong><br>Un<strong> <\/strong>petit \u00e9crin de calme, nich\u00e9 \u00e0 la campagne au coeur d\u2019arbres majestueux et entour\u00e9 d\u2019animaux : chevaux, \u00e2nes, chien et chats. Ici, on sait accueillir en toute simplicit\u00e9, chacun avec sa patte en toute authenticit\u00e9.<br>Vous aurez le plaisir de vous r\u00e9veiller avec le chant des oiseaux et la surprise d\u2019avoir un museau curieux vous saluer \u00e0 votre fen\u00eatre. Celle-ci donne sur le pr\u00e9 des \u00e9quid\u00e9s.<br>Chez moi, vous pouvez venir vous ressourcer dans le calme de la nature, avoir un lit douillet avant de reprendre la route ou bien faire la f\u00eate avec la musique \u00e0 son max.<br>Plusieurs espaces sont pr\u00eat \u00e0 vous accueillir : table de pique-nique sous le tilleul, pr\u00e9au avec son petit salon, table sous le noyer, terrasse au bord de l\u2019\u00e9tang avec sa petite barque.<br>Nous aurons donc le plaisir de&nbsp;partager les espaces ext\u00e9rieurs&nbsp;dans une ambiance conviviale, ma maison est en face. Je serais \u00e9galement ravie de vous pr\u00e9senter mon \u00e9quipe \u00e0 sabots en vous accompagnant dans le pr\u00e9.<br>Le terrain est enti\u00e8rement&nbsp;cl\u00f4tur\u00e9 et&nbsp;les animaux (\u00e9duqu\u00e9s) sont les bienvenus&nbsp;\ud83d\udc3e<\/td><\/tr><\/tbody><\/table><\/figure>\n\n\n\n<hr class=\"wp-block-separator has-alpha-channel-opacity\"\/>\n\n\n\n<div class=\"wp-block-columns is-layout-flex wp-container-core-columns-is-layout-28f84493 wp-block-columns-is-layout-flex\"><div class=\"wp-block-column is-layout-flow wp-block-column-is-layout-flow plover-entrance-animated plover-invisible\" data-entrance-animation=\"fadeInUp\">\n<h3 class=\"wp-block-heading has-text-align-center has-foreground-color has-text-color has-link-color wp-elements-c45f7331153e11158bef7cd6e414fe39\" id=\"%25f0%259f%258f%25a1-details-du-logement\">&#127969; D&eacute;tails du logement<\/h3>\n\n\n<ul class=\"wp-block-list has-foreground-color has-text-color has-link-color has-medium-font-size wp-elements-e98ca773fd3d17f13d6df2a4d8b090ef plover-entrance-animated plover-invisible\" data-entrance-animation=\"fadeInUp\" style=\"\">\n<li><strong>Entr&eacute;e ind&eacute;pendante<\/strong><\/li>\n\n\n\n<li class=\"has-foreground-color has-text-color has-link-color wp-elements-0184746a1e6f2e0203e31e9e4b98a8b9\">\n<strong>Lit double<\/strong>&nbsp;avec matelas &agrave; m&eacute;moire de forme et mis &agrave; disposition d&rsquo;un <strong>sur-matelas chauffant<\/strong>\n<\/li>\n\n\n\n<li><strong>Douche &agrave; l&rsquo;italienne<\/strong><\/li>\n\n\n\n<li>Dressing<\/li>\n\n\n\n<li>\n<strong>Coin cuisine<\/strong>&nbsp;&eacute;quip&eacute; : frigo avec freezer, plaque &eacute;lectrique, bouilloire, machine &agrave; caf&eacute;, micro-ondes, placard<\/li>\n<\/ul>\n<\/div>\n\n\n\n<div class=\"wp-block-column is-layout-flow wp-block-column-is-layout-flow\"><h3 class=\"wp-block-heading has-text-align-center has-foreground-color has-text-color has-link-color wp-elements-b6e402515f3cdac70c967d9b04d38b1e plover-entrance-animated plover-invisible\" data-entrance-animation=\"fadeInUp\" id=\"%25f0%259f%258d%2583-confort\">&#127811; Confort<\/h3>\n\n\n<ul class=\"wp-block-list has-foreground-color has-text-color has-link-color has-medium-font-size wp-elements-7a6d56c0cd2376e34a0db1ba3ddefd51 plover-entrance-animated plover-invisible\" data-entrance-animation=\"fadeInUp\" style=\"\">\n<li>\n<strong>Petites attentions<\/strong>&nbsp;offertes : caf&eacute;, tisanes, miel, huile d&rsquo;olive, vinaigre, sel, poivre<\/li>\n\n\n\n<li><strong>Draps et serviettes <\/strong><\/li>\n\n\n\n<li>\n<strong>M&eacute;nage <\/strong>inclus<\/li>\n\n\n\n<li>Possibilit&eacute; de se garer devant le studio<\/li>\n\n\n\n<li>Pas d&rsquo;horaire pour rentrer le soir\/la nuit<\/li>\n<\/ul>\n<\/div>\n\n\n\n<div class=\"wp-block-column is-layout-flow wp-block-column-is-layout-flow\"><h3 class=\"wp-block-heading has-text-align-center has-foreground-color has-text-color has-link-color wp-elements-13a550cc2d0bb5f859dc3c2770ad7d34 plover-entrance-animated plover-invisible\" data-entrance-animation=\"fadeInUp\" id=\"%25f0%259f%2590%25b4-experiences-sur-place\">&#128052; Exp&eacute;riences sur place<\/h3>\n\n\n<ul class=\"wp-block-list has-foreground-color has-text-color has-link-color has-medium-font-size wp-elements-021fe9ae7ae97e5a05094d47c2fe66a5 plover-entrance-animated plover-invisible\" data-entrance-animation=\"fadeInUp\" style=\"\">\n<li>Possibilit&eacute; de&nbsp;<strong>rencontre accompagn&eacute;e avec les chevaux et les &acirc;nes<\/strong>\n<\/li>\n\n\n<li class=\" plover-entrance-animated plover-invisible\" data-entrance-animation=\"fadeInUp\">Espace arbor&eacute; d&rsquo;1 hectare<\/li>\n\n\n\n<li>Balade &agrave; v&eacute;los<\/li>\n<\/ul>\n<\/div>\n<\/div>\n\n\n\n<hr class=\"wp-block-separator has-alpha-channel-opacity\"\/>\n\n\n\n<div class=\"wp-block-columns is-layout-flex wp-container-core-columns-is-layout-28f84493 wp-block-columns-is-layout-flex\">\n<div class=\"wp-block-column is-layout-flow wp-block-column-is-layout-flow\"><\/div>\n\n\n\n<div class=\"wp-block-column is-layout-flow wp-block-column-is-layout-flow\">\n<p class=\"has-text-align-center has-medium-font-size\">Prix : <strong>55\u20ac\/nuit<\/strong><\/p>\n<\/div>\n\n\n\n<div class=\"wp-block-column is-layout-flow wp-block-column-is-layout-flow\"><\/div>\n<\/div>\n\n\n\n<div class=\"wp-block-columns is-layout-flex wp-container-core-columns-is-layout-28f84493 wp-block-columns-is-layout-flex\">\n<div class=\"wp-block-column is-layout-flow wp-block-column-is-layout-flow\">\n<div class=\"wp-block-buttons is-layout-flex wp-block-buttons-is-layout-flex\"><div class=\"wp-block-button has-custom-width wp-block-button__width-100 plover-entrance-animated plover-invisible\" data-entrance-animation=\"fadeInUp\"><a class=\"wp-block-button__link has-background has-custom-font-size wp-element-button\" href=\"https:\/\/evolu-bianca-and-co.com\/?page_id=1857\" style=\"background-color:#659b44ed;font-size:clamp(14px, 0.875rem + ((1vw - 3.2px) * 0.35), 19px);\">La Mayenne et ses alentours -&gt;<\/a><\/div>\n<\/div>\n<\/div>\n\n\n\n<div class=\"wp-block-column is-layout-flow wp-block-column-is-layout-flow\">\n<div class=\"wp-block-buttons is-layout-flex wp-block-buttons-is-layout-flex\"><div class=\"wp-block-button has-custom-width wp-block-button__width-100 plover-entrance-animated plover-invisible\" data-entrance-animation=\"fadeInUp\"><a class=\"wp-block-button__link has-background has-custom-font-size wp-element-button\" href=\"https:\/\/evolu-bianca-and-co.com\/?page_id=1907\" style=\"background-color:#659b44ed;font-size:clamp(14px, 0.875rem + ((1vw - 3.2px) * 0.35), 19px);\">Mes endroits coups de coeur -&gt;<\/a><\/div>\n<\/div>\n<\/div>\n\n\n\n<div class=\"wp-block-column is-layout-flow wp-block-column-is-layout-flow\">\n<div class=\"wp-block-buttons is-layout-flex wp-block-buttons-is-layout-flex\"><div class=\"wp-block-button has-custom-width wp-block-button__width-100 plover-entrance-animated plover-invisible\" data-entrance-animation=\"fadeInUp\"><a class=\"wp-block-button__link has-background has-medium-font-size has-custom-font-size wp-element-button\" href=\"https:\/\/evolu-bianca-and-co.com\/?page_id=1884\" style=\"background-color:#659b44ed\">Disponibilit&eacute; et r&eacute;servation<\/a><\/div>\n<\/div>\n<\/div>\n<\/div>\n\n\n\n<hr class=\"wp-block-separator has-alpha-channel-opacity\"\/>\n\n\n\n<div class=\"wp-block-columns is-layout-flex wp-container-core-columns-is-layout-28f84493 wp-block-columns-is-layout-flex\">\n<div class=\"wp-block-column is-layout-flow wp-block-column-is-layout-flow\">\n<div class=\"wp-block-buttons is-layout-flex wp-block-buttons-is-layout-flex\"><div class=\"wp-block-button has-custom-width wp-block-button__width-100 plover-entrance-animated plover-invisible\" data-entrance-animation=\"fadeInUp\"><a class=\"wp-block-button__link has-secondary-background-color has-background has-medium-font-size has-custom-font-size wp-element-button\" href=\"https:\/\/evolu-bianca-and-co.com\/\">Retour &#8211; Accueil<\/a><\/div>\n<\/div>\n<\/div>\n\n\n\n<div class=\"wp-block-column is-layout-flow wp-block-column-is-layout-flow\">\n<div class=\"wp-block-buttons is-layout-flex wp-block-buttons-is-layout-flex\"><div class=\"wp-block-button has-custom-width wp-block-button__width-100 plover-entrance-animated plover-invisible\" data-entrance-animation=\"fadeInUp\"><a class=\"wp-block-button__link has-secondary-background-color has-background has-medium-font-size has-custom-font-size wp-element-button\" href=\"https:\/\/evolu-bianca-and-co.com\/?page_id=27\">Contactez-moi<\/a><\/div>\n<\/div>\n<\/div>\n<\/div>\n\n\n\n<p><\/p>\n","protected":false},"excerpt":{"rendered":"<p>Aux portes de la Bretagne et de l\u2019Anjou, la Mayenne (53) vous attend : \u00e0 1h30 de Paris en train, \u00e0 25 min de Laval et de Ch\u00e2teau-Gontier en voiture, entre campagne verdoyante et douceur de vivre. Studio de 30 m2 10 La Place 53170 Le Bignon du MaineUn petit \u00e9crin de calme, nich\u00e9 \u00e0 &hellip; <\/p>\n<p class=\"link-more\"><a href=\"https:\/\/evolu-bianca-and-co.com\/?page_id=168\" class=\"more-link\">Lire la suite de<span class=\"screen-reader-text\">\u00ab\u00a0H\u00e9bergement\u00a0\u00bb<\/span><\/a><\/p>\n","protected":false},"author":1,"featured_media":1016,"parent":0,"menu_order":0,"comment_status":"closed","ping_status":"closed","template":"","meta":{"footnotes":""},"class_list":["post-168","page","type-page","status-publish","has-post-thumbnail","hentry"],"_links":{"self":[{"href":"https:\/\/evolu-bianca-and-co.com\/index.php?rest_route=\/wp\/v2\/pages\/168","targetHints":{"allow":["GET"]}}],"collection":[{"href":"https:\/\/evolu-bianca-and-co.com\/index.php?rest_route=\/wp\/v2\/pages"}],"about":[{"href":"https:\/\/evolu-bianca-and-co.com\/index.php?rest_route=\/wp\/v2\/types\/page"}],"author":[{"embeddable":true,"href":"https:\/\/evolu-bianca-and-co.com\/index.php?rest_route=\/wp\/v2\/users\/1"}],"replies":[{"embeddable":true,"href":"https:\/\/evolu-bianca-and-co.com\/index.php?rest_route=%2Fwp%2Fv2%2Fcomments&post=168"}],"version-history":[{"count":73,"href":"https:\/\/evolu-bianca-and-co.com\/index.php?rest_route=\/wp\/v2\/pages\/168\/revisions"}],"predecessor-version":[{"id":2225,"href":"https:\/\/evolu-bianca-and-co.com\/index.php?rest_route=\/wp\/v2\/pages\/168\/revisions\/2225"}],"wp:featuredmedia":[{"embeddable":true,"href":"https:\/\/evolu-bianca-and-co.com\/index.php?rest_route=\/wp\/v2\/media\/1016"}],"wp:attachment":[{"href":"https:\/\/evolu-bianca-and-co.com\/index.php?rest_route=%2Fwp%2Fv2%2Fmedia&parent=168"}],"curies":[{"name":"wp","href":"https:\/\/api.w.org\/{rel}","templated":true}]}}