{"id":1857,"date":"2025-10-22T19:51:12","date_gmt":"2025-10-22T19:51:12","guid":{"rendered":"https:\/\/evolu-bianca-and-co.com\/?page_id=1857"},"modified":"2025-10-23T10:55:48","modified_gmt":"2025-10-23T10:55:48","slug":"cap-sur-la-mayenne-entre-rivieres-forets-et-patrimoine","status":"publish","type":"page","link":"https:\/\/evolu-bianca-and-co.com\/?page_id=1857","title":{"rendered":"Cap sur la Mayenne : entre rivi\u00e8res, for\u00eats et patrimoine"},"content":{"rendered":"\n<p class=\"has-foreground-color has-text-color has-link-color has-medium-font-size wp-elements-746cba9ec0b4cdfb6fc02d8a26735501\">La vall\u00e9e de la Mayenne est le plus long halage de France. Longue de 85km, cette immense promenade panoramique se parcourt \u00e0 pied, \u00e0 v\u00e9lo, \u00e0 cheval ou encore en bateau. Voici quelques lieux attrayant au coeur du d\u00e9partement :<\/p>\n\n\n<ul class=\"wp-block-list has-foreground-color has-text-color has-link-color has-medium-font-size wp-elements-79aad3d5d20600869c0fc4b441019881\" style=\"\">\n<li>Le Lactopole &agrave; Laval, le plus grand mus&eacute;e laitier au monde, labellis&eacute; mus&eacute;e conservatoire mondial<\/li>\n\n\n\n<li>Le donjon et le domaine m&eacute;di&eacute;val reconstitu&eacute;s (avec spectacles historiques) de la Fert&eacute;-Clairbois (Sainte-Suzanne).<\/li>\n\n\n\n<li>Le site des grottes de Saulges <\/li>\n\n\n\n<li>La maison-mus&eacute;e de Robert Tatin (Coss&eacute;-le-Vivien), un ensemble sculptural, architectural et pictural exceptionnel.<\/li>\n\n\n\n<li>L&rsquo;Arche, refuge unique en France pour les animaux exotiques et sauvages abandonn&eacute;s ou bless&eacute;s (Ch&acirc;teau-Gontier).<\/li>\n\n\n\n<li>Le village bucolique et industriel de Fontaine-Daniel, berceau des Toiles de Mayenne.<\/li>\n\n\n\n<li>Les 70 hectares du parc Echolologia (ancien site industriel), laur&eacute;at national 2012 du tourisme responsable.<\/li>\n\n\n\n<li>L&rsquo;immense basilique de Pontmain construite sur le lieu de l&rsquo;apparition de la Vierge en 1871.<\/li>\n<\/ul>\n\n\n\n<hr class=\"wp-block-separator has-alpha-channel-opacity\"\/>\n\n\n\n<div class=\"wp-block-columns is-layout-flex wp-container-core-columns-is-layout-28f84493 wp-block-columns-is-layout-flex\">\n<div class=\"wp-block-column is-layout-flow wp-block-column-is-layout-flow\">\n<div class=\"wp-block-buttons is-layout-flex wp-block-buttons-is-layout-flex\"><div class=\"wp-block-button has-custom-width wp-block-button__width-100 plover-entrance-animated plover-invisible\" data-entrance-animation=\"fadeInUp\"><a class=\"wp-block-button__link has-background has-medium-font-size has-custom-font-size wp-element-button\" href=\"https:\/\/evolu-bianca-and-co.com\/?page_id=168\" style=\"background-color:#137013c9\">Retour &#8211; H&eacute;bergement<\/a><\/div>\n<\/div>\n<\/div>\n\n\n\n<div class=\"wp-block-column is-layout-flow wp-block-column-is-layout-flow\">\n<div class=\"wp-block-buttons is-layout-flex wp-block-buttons-is-layout-flex\"><div class=\"wp-block-button has-custom-width wp-block-button__width-100 plover-entrance-animated plover-invisible\" data-entrance-animation=\"fadeInUp\"><a class=\"wp-block-button__link has-background has-medium-font-size has-custom-font-size wp-element-button\" href=\"https:\/\/evolu-bianca-and-co.com\/?page_id=1907\" style=\"background-color:#137013c9\">Mes endroits coup de coeur<\/a><\/div>\n<\/div>\n<\/div>\n\n\n\n<div class=\"wp-block-column is-layout-flow wp-block-column-is-layout-flow\">\n<div class=\"wp-block-buttons is-layout-flex wp-block-buttons-is-layout-flex\"><div class=\"wp-block-button has-custom-width wp-block-button__width-100 plover-entrance-animated plover-invisible\" data-entrance-animation=\"fadeInUp\"><a class=\"wp-block-button__link has-background has-medium-font-size has-custom-font-size wp-element-button\" href=\"https:\/\/evolu-bianca-and-co.com\/?page_id=1884\" style=\"background-color:#137013c9\">Disponibilit&eacute; &#8211; R&eacute;servation<\/a><\/div>\n<\/div>\n<\/div>\n<\/div>\n\n\n\n<p><\/p>\n\n\n<ul class=\"wp-block-list\" style=\"\">\n<li>\n<\/ul>\n\n\n\n<p><\/p>\n","protected":false},"excerpt":{"rendered":"<p>La vall\u00e9e de la Mayenne est le plus long halage de France. Longue de 85km, cette immense promenade panoramique se parcourt \u00e0 pied, \u00e0 v\u00e9lo, \u00e0 cheval ou encore en bateau. Voici quelques lieux attrayant au coeur du d\u00e9partement :<\/p>\n","protected":false},"author":1,"featured_media":0,"parent":0,"menu_order":0,"comment_status":"closed","ping_status":"closed","template":"","meta":{"footnotes":""},"class_list":["post-1857","page","type-page","status-publish","hentry"],"_links":{"self":[{"href":"https:\/\/evolu-bianca-and-co.com\/index.php?rest_route=\/wp\/v2\/pages\/1857","targetHints":{"allow":["GET"]}}],"collection":[{"href":"https:\/\/evolu-bianca-and-co.com\/index.php?rest_route=\/wp\/v2\/pages"}],"about":[{"href":"https:\/\/evolu-bianca-and-co.com\/index.php?rest_route=\/wp\/v2\/types\/page"}],"author":[{"embeddable":true,"href":"https:\/\/evolu-bianca-and-co.com\/index.php?rest_route=\/wp\/v2\/users\/1"}],"replies":[{"embeddable":true,"href":"https:\/\/evolu-bianca-and-co.com\/index.php?rest_route=%2Fwp%2Fv2%2Fcomments&post=1857"}],"version-history":[{"count":10,"href":"https:\/\/evolu-bianca-and-co.com\/index.php?rest_route=\/wp\/v2\/pages\/1857\/revisions"}],"predecessor-version":[{"id":1938,"href":"https:\/\/evolu-bianca-and-co.com\/index.php?rest_route=\/wp\/v2\/pages\/1857\/revisions\/1938"}],"wp:attachment":[{"href":"https:\/\/evolu-bianca-and-co.com\/index.php?rest_route=%2Fwp%2Fv2%2Fmedia&parent=1857"}],"curies":[{"name":"wp","href":"https:\/\/api.w.org\/{rel}","templated":true}]}}