{"id":1907,"date":"2025-10-23T09:52:43","date_gmt":"2025-10-23T09:52:43","guid":{"rendered":"https:\/\/evolu-bianca-and-co.com\/?page_id=1907"},"modified":"2025-12-20T19:46:37","modified_gmt":"2025-12-20T19:46:37","slug":"mes-endroits-coups-de-coeur","status":"publish","type":"page","link":"https:\/\/evolu-bianca-and-co.com\/?page_id=1907","title":{"rendered":"Mes endroits coup de coeur"},"content":{"rendered":"\n<p class=\"has-foreground-color has-text-color has-link-color has-medium-font-size wp-elements-61cf49c4b882bda186b9ab0a9cc15b77\">\ud83c\udf3fPlan d\u2019eau de&nbsp;<strong>Maisoncelles du Maine<\/strong>. A moins de 5 min en voiture. <br>Il s\u2019agit d\u2019un village noir, c\u2019est-\u00e0-dire que la nuit, les lampadaires sont \u00e9teints pour pr\u00e9server le ciel. Il y a une base d\u2019astronomie, vous pourrez voir la coupole. L\u2019\u00e9t\u00e9, il y a des animations gratuite et sur inscription le mardi soir pour regarder les \u00e9toiles avec l\u2019immense t\u00e9l\u00e9scope avec M53 Astronomie. Vous d\u00e9couvrirez \u00e9galement deux cadrans solaires accessibles continuellement ainsi qu\u2019un petit parcours illustrant les plan\u00e8tes de notre syst\u00e8me solaire. C\u2019est un endroit tr\u00e8s simple entre nature et \u00e9toiles.<\/p>\n\n\n<ul class=\"wp-block-list\" style=\"\">\n<li>\n<\/ul>\n\n\n\n<p class=\"has-foreground-color has-text-color has-link-color has-medium-font-size wp-elements-fd49a2d4c88053c1246de469762ca56b\">\ud83c\udf43Plan d\u2019eau du&nbsp;<strong>Bignon du Maine<\/strong>. A moins de 5 min en voiture.<br>Tout petit mais tr\u00e8s arbor\u00e9e. Juste \u00e0 c\u00f4t\u00e9, en continuant la route \u00e0 pied, sur votre gauche, il y a la motte f\u00e9odale, un endroit avec des tables de pique-nique et un peu d\u2019eau o\u00f9 les chiens peuvent se baigner.<\/p>\n\n\n<ul class=\"wp-block-list\" style=\"\">\n<li>\n<\/ul>\n\n\n\n<p class=\"has-foreground-color has-text-color has-link-color has-medium-font-size wp-elements-945c71ade97576d09064dbfbd2d2bd57\">\ud83c\udf31 L\u2019\u00e9tang de&nbsp;<strong>Villiers Charlemagne<\/strong>. A 5 min en voiture. <br>Beaucoup plus grand, l\u2019\u00e9t\u00e9, tout les mercredis soirs, il y a un march\u00e9 de producteurs, il est possible de manager sur place. Il y a des petits cr\u00e9ateurs aussi. Il y a souvent beaucoup de monde, faut \u00eatre patient pour se garer. Les chiens sont les bienvenus en laisse.<\/p>\n\n\n<ul class=\"wp-block-list\" style=\"\">\n<li>\n<\/ul>\n\n\n\n<p class=\"has-foreground-color has-text-color has-link-color has-medium-font-size wp-elements-833082d044b3a790e60bdcf645e3d488\">\ud83d\udc11Les&nbsp;<strong>grottes de Saulges<\/strong>. A 23 min en voiture. <br>J\u2019adore cet endroit. Il y a une super balade \u00e0 faire : une moyenne boucle qui vous permet de marcher en haut de falaise, de traverser une rivi\u00e8re sur des pas japonais. Vous trouverez tables de pique-nique, petite grotte, site d\u2019escalade pour les connaisseurs, anciens fours \u00e0 chaux, moulin. Il y a \u00e9galement deux grottes qui se visitent avec un guide.<\/p>\n\n\n<ul class=\"wp-block-list\" style=\"\">\n<li>\n<\/ul>\n\n\n\n<p class=\"has-foreground-color has-text-color has-link-color has-medium-font-size wp-elements-9c7860b9947e4be4497cfc975cb20a00\">\ud83d\udef6<strong>Forc\u00e9<\/strong>. A 13 min en voiture.<br>Il y a l\u2019Orbi\u00e8re : un site d\u2019accrobrache o\u00f9 il est possible de faire du cano\u00eb, des balades \u00e0 poney, et des balades en for\u00eat.<\/p>\n\n\n<ul class=\"wp-block-list\" style=\"\">\n<li>\n<\/ul>\n\n\n\n<p class=\"has-foreground-color has-text-color has-link-color has-medium-font-size wp-elements-a5a92fd0e279a3ac79fa7ae6ca36a30b\">\ud83c\udf33<strong>Bois de l\u2019Huisserie.<\/strong> \u00c0 22 min en voiture.<br>250 hectares de for\u00eat avec une multitude de chemins vari\u00e9s accessible pour petits et grands. Les couleurs sont toujours magnifiques automne comme \u00e9t\u00e9. Il s\u2019agit d\u2019un coin tr\u00e8s appr\u00e9ci\u00e9 par les jauggeurs, cycliste, famille, cavaliers, etc.<\/p>\n\n\n<ul class=\"wp-block-list\" style=\"\">\n<li>\n<\/ul>\n\n\n\n<p class=\"has-foreground-color has-text-color has-link-color has-medium-font-size wp-elements-ab96fe98d6caf20460b73f90d12eba5d\">\ud83e\udd8c<strong>La for\u00eat de Bellebranche<\/strong>. \u00c0 17min en voiture.<br>140 hectares de f\u00f4ret avec aussi une grande quantit\u00e9 de chemins accessibles.<\/p>\n\n\n<h2 class=\"wp-block-heading has-foreground-color has-text-color has-link-color has-medium-font-size wp-elements-41d4f865824f7a8ca89ea019943546f4\" id=\"apres-les-coups-de-coeur-nature-il-y-a-les-coups-de-coeur-nourriture-%25f0%259f%2598%258b%25f0%259f%25a4%25a4\">Apr&egrave;s les coups de coeur nature, il y a les coups de coeur nourriture &#128523;&#129316;<\/h2>\n\n\n<ul class=\"wp-block-list\" style=\"\">\n<li class=\"has-foreground-color has-text-color has-link-color has-medium-font-size wp-elements-425806df01795898d663865907d9d16d\">\n<strong>Meslay du Maine<\/strong>&nbsp;( 6 min) : petit march&eacute; tout les vendredis matin. L&agrave;-bas, il y a du trop bon pain complet et bio. Je recommande le b&ucirc;cheron miam!&nbsp;<\/li>\n\n\n\n<li class=\"has-foreground-color has-text-color has-link-color has-medium-font-size wp-elements-304b05df19337d0e57cdd60639e3adba\">La <strong>ch&egrave;vrerie du Maine<\/strong>, tenue par Oph&eacute;lie et Benoit (deux jeunes trop sympas). Ils fabriquent leur fromage et yaourt, c&rsquo;est vraiment trop bon. Beno&icirc;t est au march&eacute; le vendredi matin, sinon il y a vente direct &agrave; la ferme le mercredi en fin d&rsquo;aprem. Il y a des visites possible de la chevrerie. Les parents tiennent un &eacute;levage d&rsquo;autruches.<\/li>\n\n\n\n<li class=\"has-foreground-color has-text-color has-link-color has-medium-font-size wp-elements-2cb1927d89fce8af98620c2889a1713d\">\n<strong>Arc-en-ciel<\/strong>, ferme de&nbsp;<strong>Bazougers<\/strong>&nbsp;(10 min en voiture). L&agrave;-bas tout est bio et produit localement. C&rsquo;est ouvert le mardi 16h-18h30 et le samedi 9h-12h. <\/li>\n\n\n\n<li class=\"has-foreground-color has-text-color has-link-color has-medium-font-size wp-elements-9a3115d3e2a91c4a16243d4b0f7fb2f8\">\n<strong>Jardin de la boulonni&egrave;re &agrave; Grez en Bou&egrave;re&nbsp;<\/strong>(15 min en voiture) : c&rsquo;est un mara&icirc;cher, il y a du local et du moins local. Il y a toujours les fruits et l&eacute;gumes de saison. Ce n&rsquo;est pas toujours bio. C&rsquo;est ouvert le mercredi et vendredi de 14h30 &agrave; 18h30 et le samedi de 9h &agrave; 12h30. Je n&rsquo;y suis jamais all&eacute;e mais selon les copains c&rsquo;est tr&egrave;s chouette.<\/li>\n\n\n\n<li class=\"has-foreground-color has-text-color has-link-color has-medium-font-size wp-elements-b24df92aadcef1234ecfeda1d44a1860\">\n<strong>Chez Alice &agrave; St Loup du Doras<\/strong>&nbsp;(17min en voiture) : &eacute;picerie bio et local, ouvert tous les jours sauf le lundi. &nbsp;<\/li>\n<\/ul>\n\n\n\n<hr class=\"wp-block-separator has-alpha-channel-opacity\"\/>\n\n\n\n<div class=\"wp-block-columns is-layout-flex wp-container-core-columns-is-layout-28f84493 wp-block-columns-is-layout-flex\">\n<div class=\"wp-block-column is-layout-flow wp-block-column-is-layout-flow\">\n<div class=\"wp-block-buttons is-layout-flex wp-block-buttons-is-layout-flex\"><div class=\"wp-block-button has-custom-width wp-block-button__width-100 plover-entrance-animated plover-invisible\" data-entrance-animation=\"fadeInUp\"><a class=\"wp-block-button__link has-background has-medium-font-size has-custom-font-size wp-element-button\" href=\"https:\/\/evolu-bianca-and-co.com\/?page_id=168\" style=\"background-color:#0c7a0cc4\">Retour &#8211; H&eacute;bergement<\/a><\/div>\n<\/div>\n<\/div>\n\n\n\n<div class=\"wp-block-column is-layout-flow wp-block-column-is-layout-flow\">\n<div class=\"wp-block-buttons is-layout-flex wp-block-buttons-is-layout-flex\"><div class=\"wp-block-button has-custom-width wp-block-button__width-100 plover-entrance-animated plover-invisible\" data-entrance-animation=\"fadeInUp\"><a class=\"wp-block-button__link has-background has-medium-font-size has-custom-font-size wp-element-button\" href=\"https:\/\/evolu-bianca-and-co.com\/?page_id=1857\" style=\"background-color:#0c7a0cc4\">La Mayenne et ses alentours<\/a><\/div>\n<\/div>\n<\/div>\n\n\n\n<div class=\"wp-block-column is-layout-flow wp-block-column-is-layout-flow\">\n<div class=\"wp-block-buttons is-layout-flex wp-block-buttons-is-layout-flex\"><div class=\"wp-block-button has-custom-width wp-block-button__width-100 plover-entrance-animated plover-invisible\" data-entrance-animation=\"fadeInUp\"><a class=\"wp-block-button__link has-background has-medium-font-size has-custom-font-size wp-element-button\" href=\"https:\/\/evolu-bianca-and-co.com\/?page_id=1884\" style=\"background-color:#0c7a0cc4\">Disponibilit&eacute; &#8211; R&eacute;servation<\/a><\/div>\n<\/div>\n<\/div>\n<\/div>\n","protected":false},"excerpt":{"rendered":"<p>\ud83c\udf3fPlan d\u2019eau de&nbsp;Maisoncelles du Maine. A moins de 5 min en voiture. Il s\u2019agit d\u2019un village noir, c\u2019est-\u00e0-dire que la nuit, les lampadaires sont \u00e9teints pour pr\u00e9server le ciel. Il y a une base d\u2019astronomie, vous pourrez voir la coupole. L\u2019\u00e9t\u00e9, il y a des animations gratuite et sur inscription le mardi soir pour regarder &hellip; <\/p>\n<p class=\"link-more\"><a href=\"https:\/\/evolu-bianca-and-co.com\/?page_id=1907\" class=\"more-link\">Lire la suite de<span class=\"screen-reader-text\">\u00ab\u00a0Mes endroits coup de coeur\u00a0\u00bb<\/span><\/a><\/p>\n","protected":false},"author":1,"featured_media":0,"parent":0,"menu_order":0,"comment_status":"closed","ping_status":"closed","template":"","meta":{"footnotes":""},"class_list":["post-1907","page","type-page","status-publish","hentry"],"_links":{"self":[{"href":"https:\/\/evolu-bianca-and-co.com\/index.php?rest_route=\/wp\/v2\/pages\/1907","targetHints":{"allow":["GET"]}}],"collection":[{"href":"https:\/\/evolu-bianca-and-co.com\/index.php?rest_route=\/wp\/v2\/pages"}],"about":[{"href":"https:\/\/evolu-bianca-and-co.com\/index.php?rest_route=\/wp\/v2\/types\/page"}],"author":[{"embeddable":true,"href":"https:\/\/evolu-bianca-and-co.com\/index.php?rest_route=\/wp\/v2\/users\/1"}],"replies":[{"embeddable":true,"href":"https:\/\/evolu-bianca-and-co.com\/index.php?rest_route=%2Fwp%2Fv2%2Fcomments&post=1907"}],"version-history":[{"count":15,"href":"https:\/\/evolu-bianca-and-co.com\/index.php?rest_route=\/wp\/v2\/pages\/1907\/revisions"}],"predecessor-version":[{"id":2213,"href":"https:\/\/evolu-bianca-and-co.com\/index.php?rest_route=\/wp\/v2\/pages\/1907\/revisions\/2213"}],"wp:attachment":[{"href":"https:\/\/evolu-bianca-and-co.com\/index.php?rest_route=%2Fwp%2Fv2%2Fmedia&parent=1907"}],"curies":[{"name":"wp","href":"https:\/\/api.w.org\/{rel}","templated":true}]}}